{"id":2,"date":"2021-04-22T14:45:45","date_gmt":"2021-04-22T14:45:45","guid":{"rendered":"http:\/\/www.tanskanposliini.fi\/?page_id=2"},"modified":"2022-01-16T17:55:17","modified_gmt":"2022-01-16T17:55:17","slug":"sample-page","status":"publish","type":"page","link":"https:\/\/www.tanskanposliini.fi\/","title":{"rendered":"Tanskalaista posliinia"},"content":{"rendered":"\n<p>T\u00e4ll\u00e4 sivustolla esitell\u00e4\u00e4n tanskalaisten posliinitehtaiden figuriineja, koriste-esineit\u00e4 ja astioita. <\/p>\n\n\n\n<p>Tanskalaisten posliinitehtaiden tarina l\u00e4hti liikkeelle eurooppalaisten kiinnostuksesta kiinalaista posliinia kohtaan, mik\u00e4 johti posliinin valmistuksen aloittamiseen Tanskassa 1700-luvun lopulla. Kuninkaallinen Posliinitehdas (Royal Copenhagen) oli ensimm\u00e4inen alan toimija, joka perustettiin Tanskan kuninkaallisen perheen toimesta vuonna 1775. 1800-luvulla perustettiin Bing &amp; Gr\u00f6ndahl ja vuonna 1925 Dahl-Jensen Porcelainfabrik. 1980-luvulla Royal Copenhagen lopulta yhdisti n\u00e4m\u00e4 suurimmat tanskalaiset posliinintuottajat ja nykyisin t\u00e4m\u00e4 kokonaisuus on osa p\u00f6rssiyhti\u00f6 Fiskars Oyj:t\u00e4. <\/p>\n\n\n\n<p>L\u00f6yd\u00e4t esittelyj\u00e4 sivuston blogista, <a href=\"http:\/\/www.instagram.com\/tanskanposliini\" data-type=\"URL\" data-id=\"www.instagram.com\/tanskanposliini\" target=\"_blank\" rel=\"noreferrer noopener\">Instagramista <\/a>sek\u00e4 my\u00f6hemmin mahdollisesti avattavasta verkkokaupasta, jossa v\u00e4litet\u00e4\u00e4n posliiniesineist\u00f6\u00e4. <\/p>\n","protected":false},"excerpt":{"rendered":"<p>T\u00e4ll\u00e4 sivustolla esitell\u00e4\u00e4n tanskalaisten posliinitehtaiden figuriineja, koriste-esineit\u00e4 ja astioita. Tanskalaisten posliinitehtaiden tarina [&hellip;]<\/p>\n","protected":false},"author":1,"featured_media":0,"parent":0,"menu_order":0,"comment_status":"closed","ping_status":"open","template":"","meta":[],"_links":{"self":[{"href":"https:\/\/www.tanskanposliini.fi\/index.php\/wp-json\/wp\/v2\/pages\/2"}],"collection":[{"href":"https:\/\/www.tanskanposliini.fi\/index.php\/wp-json\/wp\/v2\/pages"}],"about":[{"href":"https:\/\/www.tanskanposliini.fi\/index.php\/wp-json\/wp\/v2\/types\/page"}],"author":[{"embeddable":true,"href":"https:\/\/www.tanskanposliini.fi\/index.php\/wp-json\/wp\/v2\/users\/1"}],"replies":[{"embeddable":true,"href":"https:\/\/www.tanskanposliini.fi\/index.php\/wp-json\/wp\/v2\/comments?post=2"}],"version-history":[{"count":7,"href":"https:\/\/www.tanskanposliini.fi\/index.php\/wp-json\/wp\/v2\/pages\/2\/revisions"}],"predecessor-version":[{"id":69,"href":"https:\/\/www.tanskanposliini.fi\/index.php\/wp-json\/wp\/v2\/pages\/2\/revisions\/69"}],"wp:attachment":[{"href":"https:\/\/www.tanskanposliini.fi\/index.php\/wp-json\/wp\/v2\/media?parent=2"}],"curies":[{"name":"wp","href":"https:\/\/api.w.org\/{rel}","templated":true}]}}