{"id":7,"date":"2022-01-16T12:29:25","date_gmt":"2022-01-16T12:29:25","guid":{"rendered":"http:\/\/www.tanskanposliini.fi\/?page_id=7"},"modified":"2022-01-16T18:15:34","modified_gmt":"2022-01-16T18:15:34","slug":"tietoja","status":"publish","type":"page","link":"https:\/\/www.tanskanposliini.fi\/index.php\/tietoja\/","title":{"rendered":"Tietoja"},"content":{"rendered":"\n<p>T\u00e4ll\u00e4 sivustolla ja blogissa esitell\u00e4\u00e4n kuninkaallisten tanskalaisten posliinitehtaiden tuotantoa sek\u00e4 historiaa. <\/p>\n\n\n\n<p>Inspiraationa sis\u00e4ll\u00f6n tuottamiseen on yli kolmen vuosikymmenen harrastus perhepiiriss\u00e4. Ensin oli yleinen kiinnostus historiaan, antiikkiin ja vanhoihin esineisiin sek\u00e4 niiden takana oleviin tarinoihin. Kun t\u00e4h\u00e4n yhdistyi uteliaisuus tanskalaiseen el\u00e4m\u00e4ntapaan ja kulttuuriin, syttyi kiinnostus tanskalaiseen posliiniin sek\u00e4 erityisesti ihmisi\u00e4 tai el\u00e4imi\u00e4 esitt\u00e4viin <a rel=\"noreferrer noopener\" href=\"https:\/\/en.wikipedia.org\/wiki\/Figurine\" target=\"_blank\">figuriineihin<\/a>. <\/p>\n","protected":false},"excerpt":{"rendered":"<p>T\u00e4ll\u00e4 sivustolla ja blogissa esitell\u00e4\u00e4n kuninkaallisten tanskalaisten posliinitehtaiden tuotantoa sek\u00e4 historiaa. Inspiraationa [&hellip;]<\/p>\n","protected":false},"author":1,"featured_media":0,"parent":0,"menu_order":0,"comment_status":"closed","ping_status":"closed","template":"","meta":[],"_links":{"self":[{"href":"https:\/\/www.tanskanposliini.fi\/index.php\/wp-json\/wp\/v2\/pages\/7"}],"collection":[{"href":"https:\/\/www.tanskanposliini.fi\/index.php\/wp-json\/wp\/v2\/pages"}],"about":[{"href":"https:\/\/www.tanskanposliini.fi\/index.php\/wp-json\/wp\/v2\/types\/page"}],"author":[{"embeddable":true,"href":"https:\/\/www.tanskanposliini.fi\/index.php\/wp-json\/wp\/v2\/users\/1"}],"replies":[{"embeddable":true,"href":"https:\/\/www.tanskanposliini.fi\/index.php\/wp-json\/wp\/v2\/comments?post=7"}],"version-history":[{"count":3,"href":"https:\/\/www.tanskanposliini.fi\/index.php\/wp-json\/wp\/v2\/pages\/7\/revisions"}],"predecessor-version":[{"id":72,"href":"https:\/\/www.tanskanposliini.fi\/index.php\/wp-json\/wp\/v2\/pages\/7\/revisions\/72"}],"wp:attachment":[{"href":"https:\/\/www.tanskanposliini.fi\/index.php\/wp-json\/wp\/v2\/media?parent=7"}],"curies":[{"name":"wp","href":"https:\/\/api.w.org\/{rel}","templated":true}]}}